{"id":512,"date":"2018-02-25T13:56:44","date_gmt":"2018-02-25T16:56:44","guid":{"rendered":"http:\/\/depilwax.com.br\/dev\/?post_type=product&#038;p=512"},"modified":"2018-10-15T14:26:04","modified_gmt":"2018-10-15T17:26:04","slug":"folhas-plasticas-para-depilacao","status":"publish","type":"product","link":"https:\/\/www.depilwax.com.br\/en\/product\/folhas-plasticas-para-depilacao\/","title":{"rendered":"Plastic Hair Removal Sheets"},"content":{"rendered":"<p>Consisting of bi-oriented polypropylene sheets.<\/p>\n<p><strong><u>Recommendation<\/u>:<\/strong>\u00a0for use with Cold Depilatory Wax.<\/p>\n<p><strong><u>Net weight<\/u>:<\/strong>\u00a025g (approximately 50 sheets of 17.5 cm x 11.5 cm).<\/p>","protected":false},"excerpt":{"rendered":"<p>Constitu\u00eddas de Folhas de Polipropileno bi-orientado. Indica\u00e7\u00e3o:\u00a0para utiliza\u00e7\u00e3o com a Cera Depilat\u00f3ria a Frio. Peso L\u00edquido:\u00a025g (aproximadamente 50 folhas de 17,5 cm x 11,5 cm).<\/p>","protected":false},"featured_media":503,"comment_status":"closed","ping_status":"closed","template":"","meta":[],"product_brand":[],"product_cat":[36],"product_tag":[],"class_list":{"0":"post-512","1":"product","2":"type-product","3":"status-publish","4":"has-post-thumbnail","6":"product_cat-folhas-plasticas","8":"first","9":"instock","10":"shipping-taxable","11":"product-type-simple"},"_links":{"self":[{"href":"https:\/\/www.depilwax.com.br\/en\/wp-json\/wp\/v2\/product\/512","targetHints":{"allow":["GET"]}}],"collection":[{"href":"https:\/\/www.depilwax.com.br\/en\/wp-json\/wp\/v2\/product"}],"about":[{"href":"https:\/\/www.depilwax.com.br\/en\/wp-json\/wp\/v2\/types\/product"}],"replies":[{"embeddable":true,"href":"https:\/\/www.depilwax.com.br\/en\/wp-json\/wp\/v2\/comments?post=512"}],"wp:featuredmedia":[{"embeddable":true,"href":"https:\/\/www.depilwax.com.br\/en\/wp-json\/wp\/v2\/media\/503"}],"wp:attachment":[{"href":"https:\/\/www.depilwax.com.br\/en\/wp-json\/wp\/v2\/media?parent=512"}],"wp:term":[{"taxonomy":"product_brand","embeddable":true,"href":"https:\/\/www.depilwax.com.br\/en\/wp-json\/wp\/v2\/product_brand?post=512"},{"taxonomy":"product_cat","embeddable":true,"href":"https:\/\/www.depilwax.com.br\/en\/wp-json\/wp\/v2\/product_cat?post=512"},{"taxonomy":"product_tag","embeddable":true,"href":"https:\/\/www.depilwax.com.br\/en\/wp-json\/wp\/v2\/product_tag?post=512"}],"curies":[{"name":"wp","href":"https:\/\/api.w.org\/{rel}","templated":true}]}}