{"id":511,"date":"2018-02-25T13:56:03","date_gmt":"2018-02-25T16:56:03","guid":{"rendered":"http:\/\/depilwax.com.br\/dev\/?post_type=product&#038;p=511"},"modified":"2018-10-15T11:48:16","modified_gmt":"2018-10-15T14:48:16","slug":"folhas-plasticas-para-protecao-de-termocera","status":"publish","type":"product","link":"https:\/\/www.depilwax.com.br\/en\/product\/folhas-plasticas-para-protecao-de-termocera\/","title":{"rendered":"Thermocera Protection Plastic Sheets"},"content":{"rendered":"<p>Consisting of a flexible film treated twice, measuring 50 x 50 centimeters, to withstand high temperatures.<\/p>\n<p><strong><u>Recommendation<\/u>:<\/strong>\u00a0coat the thermocera, always leaving it clean, looking new.<\/p>\n<p><strong><u>Content<\/u>:<\/strong>\u00a010 units.<\/p>","protected":false},"excerpt":{"rendered":"<p>Constitu\u00eddas de um filme flex\u00edvel bitratado, na medida 50 x 50 cent\u00edmetros, para suportar altas temperaturas. Indica\u00e7\u00e3o:\u00a0revestir a termocera, deixando-a sempre limpa, com aspecto de nova. Conte\u00fado:\u00a010 unidades.<\/p>","protected":false},"featured_media":504,"comment_status":"closed","ping_status":"closed","template":"","meta":[],"product_brand":[],"product_cat":[36],"product_tag":[],"class_list":{"0":"post-511","1":"product","2":"type-product","3":"status-publish","4":"has-post-thumbnail","6":"product_cat-folhas-plasticas","8":"first","9":"instock","10":"shipping-taxable","11":"product-type-simple"},"_links":{"self":[{"href":"https:\/\/www.depilwax.com.br\/en\/wp-json\/wp\/v2\/product\/511","targetHints":{"allow":["GET"]}}],"collection":[{"href":"https:\/\/www.depilwax.com.br\/en\/wp-json\/wp\/v2\/product"}],"about":[{"href":"https:\/\/www.depilwax.com.br\/en\/wp-json\/wp\/v2\/types\/product"}],"replies":[{"embeddable":true,"href":"https:\/\/www.depilwax.com.br\/en\/wp-json\/wp\/v2\/comments?post=511"}],"wp:featuredmedia":[{"embeddable":true,"href":"https:\/\/www.depilwax.com.br\/en\/wp-json\/wp\/v2\/media\/504"}],"wp:attachment":[{"href":"https:\/\/www.depilwax.com.br\/en\/wp-json\/wp\/v2\/media?parent=511"}],"wp:term":[{"taxonomy":"product_brand","embeddable":true,"href":"https:\/\/www.depilwax.com.br\/en\/wp-json\/wp\/v2\/product_brand?post=511"},{"taxonomy":"product_cat","embeddable":true,"href":"https:\/\/www.depilwax.com.br\/en\/wp-json\/wp\/v2\/product_cat?post=511"},{"taxonomy":"product_tag","embeddable":true,"href":"https:\/\/www.depilwax.com.br\/en\/wp-json\/wp\/v2\/product_tag?post=511"}],"curies":[{"name":"wp","href":"https:\/\/api.w.org\/{rel}","templated":true}]}}