{"id":505,"date":"2018-02-25T13:50:10","date_gmt":"2018-02-25T16:50:10","guid":{"rendered":"http:\/\/depilwax.com.br\/dev\/?post_type=product&#038;p=505"},"modified":"2018-02-25T13:50:10","modified_gmt":"2018-02-25T16:50:10","slug":"lamina-de-falso-tecido-para-depilacao-100-un-23-x-75-cm","status":"publish","type":"product","link":"https:\/\/www.depilwax.com.br\/en\/product\/lamina-de-falso-tecido-para-depilacao-100-un-23-x-75-cm\/","title":{"rendered":"Faux Hair Removal Blade 100 pcs. 23 cm x 7,5 cm"},"content":{"rendered":"<p>Product made with high quality Viscose.<\/p>\n<p><strong><u>Recommendation<\/u>:\u00a0<\/strong>Shave and remove Roll-on and Sweet (Water-soluble) depilatory wax after shaving<\/p>\n<p><strong><u>Content<\/u>:<\/strong>\u00a0100 pcs of blades<\/p>\n<p><strong><u>Size<\/u>:<\/strong>\u00a023 cm length X 7.5 cm width<\/p>","protected":false},"excerpt":{"rendered":"<p>Produto confeccionado com Viscose de alta qualidade. Indica\u00e7\u00e3o:\u00a0Depilar e remover res\u00edduos de cera depilat\u00f3ria Roll-on e Doce (Hidrossol\u00favel) ap\u00f3s a depila\u00e7\u00e3o Conte\u00fado:\u00a0100 un. de L\u00e2minas Tamanho:\u00a023 cm de comprimento X 7,5 cm de largura<\/p>","protected":false},"featured_media":500,"comment_status":"closed","ping_status":"closed","template":"","meta":[],"product_brand":[],"product_cat":[15,52],"product_tag":[],"class_list":{"0":"post-505","1":"product","2":"type-product","3":"status-publish","4":"has-post-thumbnail","6":"product_cat-falso-tecido","7":"product_cat-laminas","9":"first","10":"instock","11":"shipping-taxable","12":"product-type-simple"},"_links":{"self":[{"href":"https:\/\/www.depilwax.com.br\/en\/wp-json\/wp\/v2\/product\/505","targetHints":{"allow":["GET"]}}],"collection":[{"href":"https:\/\/www.depilwax.com.br\/en\/wp-json\/wp\/v2\/product"}],"about":[{"href":"https:\/\/www.depilwax.com.br\/en\/wp-json\/wp\/v2\/types\/product"}],"replies":[{"embeddable":true,"href":"https:\/\/www.depilwax.com.br\/en\/wp-json\/wp\/v2\/comments?post=505"}],"wp:featuredmedia":[{"embeddable":true,"href":"https:\/\/www.depilwax.com.br\/en\/wp-json\/wp\/v2\/media\/500"}],"wp:attachment":[{"href":"https:\/\/www.depilwax.com.br\/en\/wp-json\/wp\/v2\/media?parent=505"}],"wp:term":[{"taxonomy":"product_brand","embeddable":true,"href":"https:\/\/www.depilwax.com.br\/en\/wp-json\/wp\/v2\/product_brand?post=505"},{"taxonomy":"product_cat","embeddable":true,"href":"https:\/\/www.depilwax.com.br\/en\/wp-json\/wp\/v2\/product_cat?post=505"},{"taxonomy":"product_tag","embeddable":true,"href":"https:\/\/www.depilwax.com.br\/en\/wp-json\/wp\/v2\/product_tag?post=505"}],"curies":[{"name":"wp","href":"https:\/\/api.w.org\/{rel}","templated":true}]}}