{"id":492,"date":"2018-02-25T12:50:47","date_gmt":"2018-02-25T15:50:47","guid":{"rendered":"http:\/\/depilwax.com.br\/dev\/?post_type=product&#038;p=492"},"modified":"2018-02-25T12:50:47","modified_gmt":"2018-02-25T15:50:47","slug":"molde-adesivo-para-depilacao-artistica","status":"publish","type":"product","link":"https:\/\/www.depilwax.com.br\/en\/product\/molde-adesivo-para-depilacao-artistica\/","title":{"rendered":"Adhesive Pattern for Artistic Depilation"},"content":{"rendered":"<p>Figures molded from expanded polyethylene, with non-toxic and hypoallergenic adhesive, for depilation of the pubic region.<\/p>\n<p><strong><u>Recommendation<\/u>:<\/strong>\u00a0Regi\u00e3o pubiana.<\/p>\n<p><strong><u>Content<\/u>:<\/strong>\u00a010 figures.<\/p>","protected":false},"excerpt":{"rendered":"<p>Figuras moldadas em polietileno expandido, com adesivo at\u00f3xico e hipoalerg\u00eanico, destinadas \u00e0 depila\u00e7\u00e3o da regi\u00e3o pubiana. Indica\u00e7\u00e3o:\u00a0Regi\u00e3o pubiana. Conte\u00fado:\u00a010 figuras.<\/p>","protected":false},"featured_media":493,"comment_status":"closed","ping_status":"closed","template":"","meta":[],"product_brand":[],"product_cat":[37],"product_tag":[],"class_list":{"0":"post-492","1":"product","2":"type-product","3":"status-publish","4":"has-post-thumbnail","6":"product_cat-molde-para-depilacao-artistica","8":"first","9":"instock","10":"shipping-taxable","11":"product-type-simple"},"_links":{"self":[{"href":"https:\/\/www.depilwax.com.br\/en\/wp-json\/wp\/v2\/product\/492","targetHints":{"allow":["GET"]}}],"collection":[{"href":"https:\/\/www.depilwax.com.br\/en\/wp-json\/wp\/v2\/product"}],"about":[{"href":"https:\/\/www.depilwax.com.br\/en\/wp-json\/wp\/v2\/types\/product"}],"replies":[{"embeddable":true,"href":"https:\/\/www.depilwax.com.br\/en\/wp-json\/wp\/v2\/comments?post=492"}],"wp:featuredmedia":[{"embeddable":true,"href":"https:\/\/www.depilwax.com.br\/en\/wp-json\/wp\/v2\/media\/493"}],"wp:attachment":[{"href":"https:\/\/www.depilwax.com.br\/en\/wp-json\/wp\/v2\/media?parent=492"}],"wp:term":[{"taxonomy":"product_brand","embeddable":true,"href":"https:\/\/www.depilwax.com.br\/en\/wp-json\/wp\/v2\/product_brand?post=492"},{"taxonomy":"product_cat","embeddable":true,"href":"https:\/\/www.depilwax.com.br\/en\/wp-json\/wp\/v2\/product_cat?post=492"},{"taxonomy":"product_tag","embeddable":true,"href":"https:\/\/www.depilwax.com.br\/en\/wp-json\/wp\/v2\/product_tag?post=492"}],"curies":[{"name":"wp","href":"https:\/\/api.w.org\/{rel}","templated":true}]}}