{"id":490,"date":"2018-02-25T12:04:28","date_gmt":"2018-02-25T15:04:28","guid":{"rendered":"http:\/\/depilwax.com.br\/dev\/?post_type=product&#038;p=490"},"modified":"2019-11-26T10:18:55","modified_gmt":"2019-11-26T13:18:55","slug":"oleo-removedor-pos-depilacao-1000-ml","status":"publish","type":"product","link":"https:\/\/www.depilwax.com.br\/en\/product\/oleo-removedor-pos-depilacao-1000-ml\/","title":{"rendered":"Post Hair Removal Oil 1000 ml"},"content":{"rendered":"<p>DEPILWAX\u00ae Post Hair Removal Oil is made with almond oil that leaves the skin soft and hydrated. Remove excess wax remaining on the skin after shaving.<\/p>\n<p><strong><u>Recommendation<\/u>:<\/strong>\u00a0To be used for wax residue removal<\/p>\n<p><strong><u>Content<\/u>:<\/strong>\u00a0 1000 ml<\/p>\n<p><strong><u>Differentials<\/u>:<\/strong><\/p>\n<ul>\n<li>With Almond Oil<\/li>\n<li>Remove all excess wax<\/li>\n<\/ul>","protected":false},"excerpt":{"rendered":"<p>O\u00a0\u00d3leo Removedor P\u00f3s Depila\u00e7\u00e3o DEPILWAX\u00a0\u00e9 produzido com \u00f3leo de am\u00eandoa que deixa a pele macia e hidratada. Retira o excesso de cera que fica na pele ap\u00f3s a depila\u00e7\u00e3o. Indica\u00e7\u00e3o:\u00a0Para ser utilizado na remo\u00e7\u00e3o dos res\u00edduos de cera Conte\u00fado:\u00a0 1000 ml Diferenciais: Com \u00d3leo de Am\u00eandoa Retira todo o excesso de cera<\/p>","protected":false},"featured_media":480,"comment_status":"closed","ping_status":"closed","template":"","meta":[],"product_brand":[],"product_cat":[32,50],"product_tag":[],"class_list":{"0":"post-490","1":"product","2":"type-product","3":"status-publish","4":"has-post-thumbnail","6":"product_cat-pre-e-pos-depilacao","7":"product_cat-oleos-removedores","9":"first","10":"instock","11":"shipping-taxable","12":"product-type-simple"},"_links":{"self":[{"href":"https:\/\/www.depilwax.com.br\/en\/wp-json\/wp\/v2\/product\/490","targetHints":{"allow":["GET"]}}],"collection":[{"href":"https:\/\/www.depilwax.com.br\/en\/wp-json\/wp\/v2\/product"}],"about":[{"href":"https:\/\/www.depilwax.com.br\/en\/wp-json\/wp\/v2\/types\/product"}],"replies":[{"embeddable":true,"href":"https:\/\/www.depilwax.com.br\/en\/wp-json\/wp\/v2\/comments?post=490"}],"wp:featuredmedia":[{"embeddable":true,"href":"https:\/\/www.depilwax.com.br\/en\/wp-json\/wp\/v2\/media\/480"}],"wp:attachment":[{"href":"https:\/\/www.depilwax.com.br\/en\/wp-json\/wp\/v2\/media?parent=490"}],"wp:term":[{"taxonomy":"product_brand","embeddable":true,"href":"https:\/\/www.depilwax.com.br\/en\/wp-json\/wp\/v2\/product_brand?post=490"},{"taxonomy":"product_cat","embeddable":true,"href":"https:\/\/www.depilwax.com.br\/en\/wp-json\/wp\/v2\/product_cat?post=490"},{"taxonomy":"product_tag","embeddable":true,"href":"https:\/\/www.depilwax.com.br\/en\/wp-json\/wp\/v2\/product_tag?post=490"}],"curies":[{"name":"wp","href":"https:\/\/api.w.org\/{rel}","templated":true}]}}