{"id":489,"date":"2018-02-25T12:03:17","date_gmt":"2018-02-25T15:03:17","guid":{"rendered":"http:\/\/depilwax.com.br\/dev\/?post_type=product&#038;p=489"},"modified":"2019-11-26T10:55:09","modified_gmt":"2019-11-26T13:55:09","slug":"esfoliante-corporal","status":"publish","type":"product","link":"https:\/\/www.depilwax.com.br\/en\/product\/esfoliante-corporal\/","title":{"rendered":"Body Scrub"},"content":{"rendered":"<p>Depilwax\u00ae Body Scrub is formulated with spherical granules that gently removes the layer of dead cells and impurities from the skin surface, leaving it soft and preventing hair from getting stuck.<\/p>\n<p><strong><u>Recommendation<\/u>:<\/strong>\u00a0Prevents hair jams<\/p>\n<p><strong><u>Net weight<\/u>:\u00a0<\/strong>180 g<\/p>\n<p><strong><u>Differentials<\/u>:<\/strong><\/p>\n<ul>\n<li>Light emulsion, easily spreadable<\/li>\n<li>Removes, without irritation, the layer of dead cells and impurities from the skin.<\/li>\n<\/ul>","protected":false},"excerpt":{"rendered":"<p>O\u00a0Esfoliante Corporal Depilwax\u00a0\u00e9 formulado com gr\u00e2nulos esf\u00e9ricos que remove suavemente a camada de c\u00e9lulas mortas e impurezas da superf\u00edcie da pele, deixando-a macia e previnindo o encravamento dos pelos. Indica\u00e7\u00e3o:\u00a0Previne o encravamento dos pelos Peso L\u00edquido:\u00a0180 g Diferenciais: Emuls\u00e3o leve, de f\u00e1cil espalhabilidade Remove, sem irritar, a camada de c\u00e9lulas mortas e impurezas da pele<\/p>","protected":false},"featured_media":481,"comment_status":"closed","ping_status":"closed","template":"","meta":[],"product_brand":[],"product_cat":[32,49],"product_tag":[],"class_list":{"0":"post-489","1":"product","2":"type-product","3":"status-publish","4":"has-post-thumbnail","6":"product_cat-pre-e-pos-depilacao","7":"product_cat-esfoliante","9":"first","10":"instock","11":"shipping-taxable","12":"product-type-simple"},"_links":{"self":[{"href":"https:\/\/www.depilwax.com.br\/en\/wp-json\/wp\/v2\/product\/489","targetHints":{"allow":["GET"]}}],"collection":[{"href":"https:\/\/www.depilwax.com.br\/en\/wp-json\/wp\/v2\/product"}],"about":[{"href":"https:\/\/www.depilwax.com.br\/en\/wp-json\/wp\/v2\/types\/product"}],"replies":[{"embeddable":true,"href":"https:\/\/www.depilwax.com.br\/en\/wp-json\/wp\/v2\/comments?post=489"}],"wp:featuredmedia":[{"embeddable":true,"href":"https:\/\/www.depilwax.com.br\/en\/wp-json\/wp\/v2\/media\/481"}],"wp:attachment":[{"href":"https:\/\/www.depilwax.com.br\/en\/wp-json\/wp\/v2\/media?parent=489"}],"wp:term":[{"taxonomy":"product_brand","embeddable":true,"href":"https:\/\/www.depilwax.com.br\/en\/wp-json\/wp\/v2\/product_brand?post=489"},{"taxonomy":"product_cat","embeddable":true,"href":"https:\/\/www.depilwax.com.br\/en\/wp-json\/wp\/v2\/product_cat?post=489"},{"taxonomy":"product_tag","embeddable":true,"href":"https:\/\/www.depilwax.com.br\/en\/wp-json\/wp\/v2\/product_tag?post=489"}],"curies":[{"name":"wp","href":"https:\/\/api.w.org\/{rel}","templated":true}]}}