{"id":488,"date":"2018-02-25T12:01:50","date_gmt":"2018-02-25T15:01:50","guid":{"rendered":"http:\/\/depilwax.com.br\/dev\/?post_type=product&#038;p=488"},"modified":"2019-11-26T10:32:24","modified_gmt":"2019-11-26T13:32:24","slug":"locao-de-limpeza-pre-depilatoria","status":"publish","type":"product","link":"https:\/\/www.depilwax.com.br\/en\/product\/locao-de-limpeza-pre-depilatoria\/","title":{"rendered":"Pre-Hair Cleaning Lotion"},"content":{"rendered":"<p>DEPILWAX\u00ae Pre-Depilatory Cleansing Body Lotion is a light lotion and contains, in its formula, Propolis Extracts, Aloe Vera and Arnica. Cleanses, cleanses and prepares the skin for a smoother and perfect hair removal.<\/p>\n<p><strong><u>Recommendation<\/u>:<\/strong>\u00a0To be used before shaving for skin cleansing and preparation<\/p>\n<p><strong><u>Content<\/u>:<\/strong>\u00a0200 ml<\/p>\n<p><strong><u>Differentials<\/u>:<\/strong><\/p>\n<ul>\n<li>With Propolis Extract, Aloe Vera and Arnica<\/li>\n<li>Does not contain alcohol<\/li>\n<li>Deeply cleanses skin<\/li>\n<\/ul>","protected":false},"excerpt":{"rendered":"<p>A\u00a0Lo\u00e7\u00e3o Corporal de Limpeza Pr\u00e9-Depilat\u00f3ria DEPILWAX\u00a0\u00e9 uma lo\u00e7\u00e3o leve e cont\u00e9m, em sua f\u00f3rmula, Extratos de Pr\u00f3polis, \u00c1loe Vera e Arnica. Limpa, higieniza e prepara a pele para uma depila\u00e7\u00e3o mais suave e perfeita. Indica\u00e7\u00e3o:\u00a0Para ser utilizada antes da depila\u00e7\u00e3o para limpeza e prepara\u00e7\u00e3o da pele Conte\u00fado:\u00a0200 ml Diferenciais: Com Extrato de Pr\u00f3polis, \u00c1loe Vera [&hellip;]<\/p>","protected":false},"featured_media":482,"comment_status":"closed","ping_status":"closed","template":"","meta":[],"product_brand":[],"product_cat":[32,47],"product_tag":[],"class_list":{"0":"post-488","1":"product","2":"type-product","3":"status-publish","4":"has-post-thumbnail","6":"product_cat-pre-e-pos-depilacao","7":"product_cat-locao-pre-depilatoria","9":"first","10":"instock","11":"shipping-taxable","12":"product-type-simple"},"_links":{"self":[{"href":"https:\/\/www.depilwax.com.br\/en\/wp-json\/wp\/v2\/product\/488","targetHints":{"allow":["GET"]}}],"collection":[{"href":"https:\/\/www.depilwax.com.br\/en\/wp-json\/wp\/v2\/product"}],"about":[{"href":"https:\/\/www.depilwax.com.br\/en\/wp-json\/wp\/v2\/types\/product"}],"replies":[{"embeddable":true,"href":"https:\/\/www.depilwax.com.br\/en\/wp-json\/wp\/v2\/comments?post=488"}],"wp:featuredmedia":[{"embeddable":true,"href":"https:\/\/www.depilwax.com.br\/en\/wp-json\/wp\/v2\/media\/482"}],"wp:attachment":[{"href":"https:\/\/www.depilwax.com.br\/en\/wp-json\/wp\/v2\/media?parent=488"}],"wp:term":[{"taxonomy":"product_brand","embeddable":true,"href":"https:\/\/www.depilwax.com.br\/en\/wp-json\/wp\/v2\/product_brand?post=488"},{"taxonomy":"product_cat","embeddable":true,"href":"https:\/\/www.depilwax.com.br\/en\/wp-json\/wp\/v2\/product_cat?post=488"},{"taxonomy":"product_tag","embeddable":true,"href":"https:\/\/www.depilwax.com.br\/en\/wp-json\/wp\/v2\/product_tag?post=488"}],"curies":[{"name":"wp","href":"https:\/\/api.w.org\/{rel}","templated":true}]}}