{"id":486,"date":"2018-02-25T11:56:18","date_gmt":"2018-02-25T14:56:18","guid":{"rendered":"http:\/\/depilwax.com.br\/dev\/?post_type=product&#038;p=486"},"modified":"2019-11-26T10:41:15","modified_gmt":"2019-11-26T13:41:15","slug":"hidratante-calmante-corporal","status":"publish","type":"product","link":"https:\/\/www.depilwax.com.br\/en\/product\/hidratante-calmante-corporal\/","title":{"rendered":"Moisturizing \/ Body Calming"},"content":{"rendered":"<p>Depilwax Post-Depilation Moisturizer and Soothing is composed of very high quality raw materials, including Macadamia Oil and Passion Fruit Extract that, together, soothe and shave the skin, giving it softness and a velvety touch.<\/p>\n<p><strong><u>Recommendation<\/u>:<\/strong>\u00a0To be used after shaving to moisturize and soothe skin<\/p>\n<p><strong><u>Net weight<\/u>:<\/strong>\u00a0200 g<\/p>\n<p><strong><u>Differentials<\/u>:<\/strong><\/p>\n<ul>\n<li>With Macadamia Oil and Passion Fruit Extract<\/li>\n<li>Moisturizes and soothes and skin after shaving<\/li>\n<\/ul>","protected":false},"excerpt":{"rendered":"<p>O\u00a0Hidratante e Calmante P\u00f3s-Depila\u00e7\u00e3o Depilwax\u00a0\u00e9 composto por mat\u00e9rias-primas de alt\u00edssima qualidade, dentre elas o \u00d3leo de Macad\u00e2mia e o Extrato de Maracuj\u00e1 que, em conjunto, acalmam e hidratam a pele depilada, proporcionando-lhe maciez e um toque aveludado. Indica\u00e7\u00e3o:\u00a0Para ser utilizada ap\u00f3s a depila\u00e7\u00e3o para hidratar e acalmar a pele Peso L\u00edquido:\u00a0200 g Diferenciais: Com \u00d3leo [&hellip;]<\/p>","protected":false},"featured_media":484,"comment_status":"closed","ping_status":"closed","template":"","meta":[],"product_brand":[],"product_cat":[32,48],"product_tag":[],"class_list":{"0":"post-486","1":"product","2":"type-product","3":"status-publish","4":"has-post-thumbnail","6":"product_cat-pre-e-pos-depilacao","7":"product_cat-hidratante","9":"first","10":"instock","11":"shipping-taxable","12":"product-type-simple"},"_links":{"self":[{"href":"https:\/\/www.depilwax.com.br\/en\/wp-json\/wp\/v2\/product\/486","targetHints":{"allow":["GET"]}}],"collection":[{"href":"https:\/\/www.depilwax.com.br\/en\/wp-json\/wp\/v2\/product"}],"about":[{"href":"https:\/\/www.depilwax.com.br\/en\/wp-json\/wp\/v2\/types\/product"}],"replies":[{"embeddable":true,"href":"https:\/\/www.depilwax.com.br\/en\/wp-json\/wp\/v2\/comments?post=486"}],"wp:featuredmedia":[{"embeddable":true,"href":"https:\/\/www.depilwax.com.br\/en\/wp-json\/wp\/v2\/media\/484"}],"wp:attachment":[{"href":"https:\/\/www.depilwax.com.br\/en\/wp-json\/wp\/v2\/media?parent=486"}],"wp:term":[{"taxonomy":"product_brand","embeddable":true,"href":"https:\/\/www.depilwax.com.br\/en\/wp-json\/wp\/v2\/product_brand?post=486"},{"taxonomy":"product_cat","embeddable":true,"href":"https:\/\/www.depilwax.com.br\/en\/wp-json\/wp\/v2\/product_cat?post=486"},{"taxonomy":"product_tag","embeddable":true,"href":"https:\/\/www.depilwax.com.br\/en\/wp-json\/wp\/v2\/product_tag?post=486"}],"curies":[{"name":"wp","href":"https:\/\/api.w.org\/{rel}","templated":true}]}}