{"id":478,"date":"2018-02-25T11:48:33","date_gmt":"2018-02-25T14:48:33","guid":{"rendered":"http:\/\/depilwax.com.br\/dev\/?post_type=product&#038;p=478"},"modified":"2018-03-14T14:53:46","modified_gmt":"2018-03-14T17:53:46","slug":"base-aquecedora-para-3-aparelhos-roll-on","status":"publish","type":"product","link":"https:\/\/www.depilwax.com.br\/en\/product\/base-aquecedora-para-3-aparelhos-roll-on\/","title":{"rendered":"Heater Base for 3 Roll-on Appliances"},"content":{"rendered":"<p>Electrical equipment used to heat up to 3 roll-on appliances simultaneously. Can be plugged into 127V and 220V outlets.<\/p>\n<p><strong><u>Important<\/u>:<\/strong>\u00a0If the electric hair removal device is not two-voltage (127V \/ 220V), the DEPILWAX\u00ae Warming Base must be connected to the voltage corresponding to that of the appliance.<sup>\u00ae<\/sup>\u00a0deve ser ligada na voltagem correspondente a do aparelho.<\/p>\n<p><strong><u>Color<\/u>:<\/strong>\u00a0White<\/p>\n<p><strong><u>Differentials<\/u>:<\/strong><\/p>\n<ul>\n<li>INMETRO Security Seal<\/li>\n<li>Made in Brazil<\/li>\n<li>6 month warranty<\/li>\n<li>Beautiful and unique design with capacity for 3 handsets<\/li>\n<li>With on \/ off switch and lightning protection fuse<\/li>\n<li>Excellent quality<\/li>\n<li>Best cost \/ benefit in the market<\/li>\n<\/ul>","protected":false},"excerpt":{"rendered":"<p>Equipamento el\u00e9trico utilizado para aquecer at\u00e9 3 aparelhos \u201croll-on\u201d simultaneamente. Pode ser ligada nas tomadas 127V e 220V. Importante:\u00a0Se o aparelho el\u00e9trico de depila\u00e7\u00e3o n\u00e3o for bivolt (127V\/220V), a Base Aquecedora DEPILWAX\u00ae\u00a0deve ser ligada na voltagem correspondente a do aparelho. Cor:\u00a0Branca Diferenciais: Selo de Seguran\u00e7a do INMETRO Produzido no Brasil Garantia de 6 meses Bonito [&hellip;]<\/p>","protected":false},"featured_media":479,"comment_status":"closed","ping_status":"closed","template":"","meta":[],"product_brand":[],"product_cat":[33,45],"product_tag":[],"class_list":{"0":"post-478","1":"product","2":"type-product","3":"status-publish","4":"has-post-thumbnail","6":"product_cat-aparelhos-e-equipamentos","7":"product_cat-base-para-aquecimento","9":"first","10":"instock","11":"shipping-taxable","12":"product-type-simple"},"_links":{"self":[{"href":"https:\/\/www.depilwax.com.br\/en\/wp-json\/wp\/v2\/product\/478","targetHints":{"allow":["GET"]}}],"collection":[{"href":"https:\/\/www.depilwax.com.br\/en\/wp-json\/wp\/v2\/product"}],"about":[{"href":"https:\/\/www.depilwax.com.br\/en\/wp-json\/wp\/v2\/types\/product"}],"replies":[{"embeddable":true,"href":"https:\/\/www.depilwax.com.br\/en\/wp-json\/wp\/v2\/comments?post=478"}],"wp:featuredmedia":[{"embeddable":true,"href":"https:\/\/www.depilwax.com.br\/en\/wp-json\/wp\/v2\/media\/479"}],"wp:attachment":[{"href":"https:\/\/www.depilwax.com.br\/en\/wp-json\/wp\/v2\/media?parent=478"}],"wp:term":[{"taxonomy":"product_brand","embeddable":true,"href":"https:\/\/www.depilwax.com.br\/en\/wp-json\/wp\/v2\/product_brand?post=478"},{"taxonomy":"product_cat","embeddable":true,"href":"https:\/\/www.depilwax.com.br\/en\/wp-json\/wp\/v2\/product_cat?post=478"},{"taxonomy":"product_tag","embeddable":true,"href":"https:\/\/www.depilwax.com.br\/en\/wp-json\/wp\/v2\/product_tag?post=478"}],"curies":[{"name":"wp","href":"https:\/\/api.w.org\/{rel}","templated":true}]}}