{"id":477,"date":"2018-02-25T11:43:46","date_gmt":"2018-02-25T14:43:46","guid":{"rendered":"http:\/\/depilwax.com.br\/dev\/?post_type=product&#038;p=477"},"modified":"2019-10-30T14:21:02","modified_gmt":"2019-10-30T17:21:02","slug":"termocera-750-g","status":"publish","type":"product","link":"https:\/\/www.depilwax.com.br\/en\/product\/termocera-750-g\/","title":{"rendered":"Wax Heaters For Hot Waxes 750g"},"content":{"rendered":"<p>The\u00a0<strong>Wax Heater Depilwax<\/strong>\u00a0is suitable for melting hot depilatory waxes (in Bars and Granules).<\/p>\n<p>It has a fine finish in steel and aluminum, and is\u00a0<strong>indispensable<\/strong>\u00a0to help the professional make a faster, perfect and safe waxing because it\u00a0<strong>keeps the wax temperature always constant.<\/strong>.<\/p>\n<p>Its design and beauty make the environment even more elegant and professional. Working with beautiful and efficient equipment helps to\u00a0<strong>build customer loyalty<\/strong>, besides\u00a0<strong>valuing your clinic and your work.<\/strong>.<\/p>","protected":false},"excerpt":{"rendered":"<p>A\u00a0Termocera Depilwax\u00a0\u00e9 indicada para derreter ceras depilat\u00f3rias a quente (em Barras e em Gr\u00e2nulos). Possui fino acabamento em a\u00e7o e alum\u00ednio, sendo\u00a0indispens\u00e1vel\u00a0para auxiliar a profissional a fazer uma depila\u00e7\u00e3o mais r\u00e1pida, perfeita e segura porque\u00a0mant\u00e9m a temperatura da cera sempre constante. O seu design e beleza tornam o ambiente ainda mais elegante e profissional. Trabalhar [&hellip;]<\/p>","protected":false},"featured_media":823,"comment_status":"closed","ping_status":"closed","template":"","meta":[],"product_brand":[],"product_cat":[33,46],"product_tag":[],"class_list":{"0":"post-477","1":"product","2":"type-product","3":"status-publish","4":"has-post-thumbnail","6":"product_cat-aparelhos-e-equipamentos","7":"product_cat-termoceras","9":"first","10":"instock","11":"shipping-taxable","12":"product-type-simple"},"_links":{"self":[{"href":"https:\/\/www.depilwax.com.br\/en\/wp-json\/wp\/v2\/product\/477","targetHints":{"allow":["GET"]}}],"collection":[{"href":"https:\/\/www.depilwax.com.br\/en\/wp-json\/wp\/v2\/product"}],"about":[{"href":"https:\/\/www.depilwax.com.br\/en\/wp-json\/wp\/v2\/types\/product"}],"replies":[{"embeddable":true,"href":"https:\/\/www.depilwax.com.br\/en\/wp-json\/wp\/v2\/comments?post=477"}],"wp:featuredmedia":[{"embeddable":true,"href":"https:\/\/www.depilwax.com.br\/en\/wp-json\/wp\/v2\/media\/823"}],"wp:attachment":[{"href":"https:\/\/www.depilwax.com.br\/en\/wp-json\/wp\/v2\/media?parent=477"}],"wp:term":[{"taxonomy":"product_brand","embeddable":true,"href":"https:\/\/www.depilwax.com.br\/en\/wp-json\/wp\/v2\/product_brand?post=477"},{"taxonomy":"product_cat","embeddable":true,"href":"https:\/\/www.depilwax.com.br\/en\/wp-json\/wp\/v2\/product_cat?post=477"},{"taxonomy":"product_tag","embeddable":true,"href":"https:\/\/www.depilwax.com.br\/en\/wp-json\/wp\/v2\/product_tag?post=477"}],"curies":[{"name":"wp","href":"https:\/\/api.w.org\/{rel}","templated":true}]}}