{"id":458,"date":"2018-02-25T11:22:57","date_gmt":"2018-02-25T14:22:57","guid":{"rendered":"http:\/\/depilwax.com.br\/dev\/?post_type=product&#038;p=458"},"modified":"2018-03-26T07:14:39","modified_gmt":"2018-03-26T10:14:39","slug":"folhas-prontas-para-depilacao-pernas-e-bracos-natural-mel","status":"publish","type":"product","link":"https:\/\/www.depilwax.com.br\/en\/product\/folhas-prontas-para-depilacao-pernas-e-bracos-natural-mel\/","title":{"rendered":"Wax Strips for Hair Removal Natural (Honey) - Legs and Arms"},"content":{"rendered":"<p class=\"translation-block\">The <strong> Depilwax <sup> \u00ae <\/sup> <\/strong> Ready-made Leg and Arm Hair Removal Sheets are very practical for use by the end consumer. Produced with high quality raw materials and the latest technology to provide perfect, fast, economical and hygienic hair removal.<\/p>\n<p><strong><u>Recommendation<\/u>:<\/strong>\u00a0legs and arms - for all skin types.<\/p>\n<p><strong><u>Content<\/u>:<\/strong>\u00a08 pairs (16 sheets) of wax applied to plastic sheet<\/p>\n<p><strong><u>Differentials<\/u>:<\/strong><\/p>\n<ul>\n<li>Extremely practical<\/li>\n<li>The wax, already applied to the plastic sheet, results in economy and efficiency.<\/li>\n<li>Better adherence to hair<\/li>\n<li>Quick hair removal<\/li>\n<\/ul>","protected":false},"excerpt":{"rendered":"<p>As Folhas Prontas para Depila\u00e7\u00e3o de Pernas e Bra\u00e7os Depilwax\u00ae\u00a0s\u00e3o muito pr\u00e1ticas para serem utilizadas pelo consumidor final. Produzidas com mat\u00e9rias-primas de alta qualidade e a mais avan\u00e7ada tecnologia para proporcionar depila\u00e7\u00e3o perfeita, r\u00e1pida, econ\u00f4mica e higi\u00eanica. Indica\u00e7\u00e3o:\u00a0pernas e bra\u00e7os &#8211; para todos os tipos de pele. Conte\u00fado:\u00a08 pares (16 folhas) de cera aplicadas em [&hellip;]<\/p>","protected":false},"featured_media":455,"comment_status":"closed","ping_status":"closed","template":"","meta":[],"product_brand":[],"product_cat":[94,31,43],"product_tag":[],"class_list":{"0":"post-458","1":"product","2":"type-product","3":"status-publish","4":"has-post-thumbnail","6":"product_cat-natural-mel-folhas-prontas","7":"product_cat-ceras-depilatorias","8":"product_cat-folhas-prontas","10":"first","11":"instock","12":"shipping-taxable","13":"product-type-simple"},"_links":{"self":[{"href":"https:\/\/www.depilwax.com.br\/en\/wp-json\/wp\/v2\/product\/458","targetHints":{"allow":["GET"]}}],"collection":[{"href":"https:\/\/www.depilwax.com.br\/en\/wp-json\/wp\/v2\/product"}],"about":[{"href":"https:\/\/www.depilwax.com.br\/en\/wp-json\/wp\/v2\/types\/product"}],"replies":[{"embeddable":true,"href":"https:\/\/www.depilwax.com.br\/en\/wp-json\/wp\/v2\/comments?post=458"}],"wp:featuredmedia":[{"embeddable":true,"href":"https:\/\/www.depilwax.com.br\/en\/wp-json\/wp\/v2\/media\/455"}],"wp:attachment":[{"href":"https:\/\/www.depilwax.com.br\/en\/wp-json\/wp\/v2\/media?parent=458"}],"wp:term":[{"taxonomy":"product_brand","embeddable":true,"href":"https:\/\/www.depilwax.com.br\/en\/wp-json\/wp\/v2\/product_brand?post=458"},{"taxonomy":"product_cat","embeddable":true,"href":"https:\/\/www.depilwax.com.br\/en\/wp-json\/wp\/v2\/product_cat?post=458"},{"taxonomy":"product_tag","embeddable":true,"href":"https:\/\/www.depilwax.com.br\/en\/wp-json\/wp\/v2\/product_tag?post=458"}],"curies":[{"name":"wp","href":"https:\/\/api.w.org\/{rel}","templated":true}]}}