{"id":451,"date":"2018-02-25T11:20:46","date_gmt":"2018-02-25T14:20:46","guid":{"rendered":"http:\/\/depilwax.com.br\/dev\/?post_type=product&#038;p=451"},"modified":"2018-02-25T11:20:46","modified_gmt":"2018-02-25T14:20:46","slug":"cera-a-frio","status":"publish","type":"product","link":"https:\/\/www.depilwax.com.br\/en\/product\/cera-a-frio\/","title":{"rendered":"Cold Wax"},"content":{"rendered":"<p>The\u00a0<strong>DEPILWAX\u00ae Cold Depilatory Wax<sup>\u00ae<\/sup><\/strong>\u00a0it is produced with high quality raw materials and the latest technology to provide you with perfect, fast, economical and hygienic hair removal.<\/p>\n<p><u><strong>Recommendation<\/strong><\/u>: legs and arms<\/p>\n<p><u><strong>Net weight<\/strong><\/u>: 220 g<\/p>\n<p><strong>Differentials<\/strong>:<\/p>\n<ul>\n<li>Practical wax and quick application<\/li>\n<li>Quick hair removal<\/li>\n<li>Economical<\/li>\n<\/ul>","protected":false},"excerpt":{"rendered":"<p>A\u00a0Cera Depilat\u00f3ria a Frio DEPILWAX\u00ae\u00a0\u00e9 produzida com mat\u00e9rias-primas de alta qualidade e a mais avan\u00e7ada tecnologia para proporcionar, a voc\u00ea, uma depila\u00e7\u00e3o perfeita, r\u00e1pida, econ\u00f4mica e higi\u00eanica. Indica\u00e7\u00e3o: pernas e bra\u00e7os Peso L\u00edquido: 220 g Diferenciais: Cera pr\u00e1tica e de r\u00e1pida aplica\u00e7\u00e3o Remo\u00e7\u00e3o r\u00e1pida do pelo Econ\u00f4mica<\/p>","protected":false},"featured_media":452,"comment_status":"closed","ping_status":"closed","template":"","meta":[],"product_brand":[],"product_cat":[31,63],"product_tag":[],"class_list":{"0":"post-451","1":"product","2":"type-product","3":"status-publish","4":"has-post-thumbnail","6":"product_cat-ceras-depilatorias","7":"product_cat-cera-a-frio","9":"first","10":"instock","11":"shipping-taxable","12":"product-type-simple"},"_links":{"self":[{"href":"https:\/\/www.depilwax.com.br\/en\/wp-json\/wp\/v2\/product\/451","targetHints":{"allow":["GET"]}}],"collection":[{"href":"https:\/\/www.depilwax.com.br\/en\/wp-json\/wp\/v2\/product"}],"about":[{"href":"https:\/\/www.depilwax.com.br\/en\/wp-json\/wp\/v2\/types\/product"}],"replies":[{"embeddable":true,"href":"https:\/\/www.depilwax.com.br\/en\/wp-json\/wp\/v2\/comments?post=451"}],"wp:featuredmedia":[{"embeddable":true,"href":"https:\/\/www.depilwax.com.br\/en\/wp-json\/wp\/v2\/media\/452"}],"wp:attachment":[{"href":"https:\/\/www.depilwax.com.br\/en\/wp-json\/wp\/v2\/media?parent=451"}],"wp:term":[{"taxonomy":"product_brand","embeddable":true,"href":"https:\/\/www.depilwax.com.br\/en\/wp-json\/wp\/v2\/product_brand?post=451"},{"taxonomy":"product_cat","embeddable":true,"href":"https:\/\/www.depilwax.com.br\/en\/wp-json\/wp\/v2\/product_cat?post=451"},{"taxonomy":"product_tag","embeddable":true,"href":"https:\/\/www.depilwax.com.br\/en\/wp-json\/wp\/v2\/product_tag?post=451"}],"curies":[{"name":"wp","href":"https:\/\/api.w.org\/{rel}","templated":true}]}}