{"id":450,"date":"2018-02-25T11:16:45","date_gmt":"2018-02-25T14:16:45","guid":{"rendered":"http:\/\/depilwax.com.br\/dev\/?post_type=product&#038;p=450"},"modified":"2019-11-26T14:22:52","modified_gmt":"2019-11-26T17:22:52","slug":"cera-doce-hidrossoluvel-roll-on","status":"publish","type":"product","link":"https:\/\/www.depilwax.com.br\/en\/product\/cera-doce-hidrossoluvel-roll-on\/","title":{"rendered":"Hydrosoluble Waxes Roll-on"},"content":{"rendered":"<p>Hidrowax Sweet Water-Soluble Roll-on Depilatory Wax, developed to strict quality standards, is all-natural and sugar-based.<\/p>\n<p><strong><u>Recommendation<\/u>:<\/strong>\u00a0for legs and arms - all skin types<\/p>\n<p><strong><u>Net weight<\/u>:<\/strong>\u00a0145g<\/p>\n<p><strong><u>Differentials<\/u>:<\/strong><\/p>\n<ul>\n<li>Natural wax made from sugars<\/li>\n<li>Fine texture<\/li>\n<li>Practical and economical<\/li>\n<li>The removal of wax residues after depilation is simply done with water, eliminating the use of oil remover.<\/li>\n<\/ul>","protected":false},"excerpt":{"rendered":"<p>A\u00a0Cera Depilat\u00f3ria Roll-on Doce e Hidrossol\u00favel Hidrowax, desenvolvida com rigorosos padr\u00f5es de qualidade, \u00e9 \u00a0totalmente natural e produzida \u00e0 base de a\u00e7\u00facares. Indica\u00e7\u00e3o:\u00a0para Pernas e Bra\u00e7os \u2013 todos os tipos de pele Peso L\u00edquido:\u00a0145g Diferenciais: Cera Natural, produzida \u00e0 base de a\u00e7\u00facares Textura fina Pr\u00e1tica e econ\u00f4mica A remo\u00e7\u00e3o dos res\u00edduos de cera ap\u00f3s a [&hellip;]<\/p>","protected":false},"featured_media":449,"comment_status":"closed","ping_status":"closed","template":"","meta":[],"product_brand":[],"product_cat":[31,42,40],"product_tag":[],"class_list":{"0":"post-450","1":"product","2":"type-product","3":"status-publish","4":"has-post-thumbnail","6":"product_cat-ceras-depilatorias","7":"product_cat-ceras-doces-hidrossoluveis","8":"product_cat-ceras-roll-on","10":"first","11":"instock","12":"shipping-taxable","13":"product-type-simple"},"_links":{"self":[{"href":"https:\/\/www.depilwax.com.br\/en\/wp-json\/wp\/v2\/product\/450","targetHints":{"allow":["GET"]}}],"collection":[{"href":"https:\/\/www.depilwax.com.br\/en\/wp-json\/wp\/v2\/product"}],"about":[{"href":"https:\/\/www.depilwax.com.br\/en\/wp-json\/wp\/v2\/types\/product"}],"replies":[{"embeddable":true,"href":"https:\/\/www.depilwax.com.br\/en\/wp-json\/wp\/v2\/comments?post=450"}],"wp:featuredmedia":[{"embeddable":true,"href":"https:\/\/www.depilwax.com.br\/en\/wp-json\/wp\/v2\/media\/449"}],"wp:attachment":[{"href":"https:\/\/www.depilwax.com.br\/en\/wp-json\/wp\/v2\/media?parent=450"}],"wp:term":[{"taxonomy":"product_brand","embeddable":true,"href":"https:\/\/www.depilwax.com.br\/en\/wp-json\/wp\/v2\/product_brand?post=450"},{"taxonomy":"product_cat","embeddable":true,"href":"https:\/\/www.depilwax.com.br\/en\/wp-json\/wp\/v2\/product_cat?post=450"},{"taxonomy":"product_tag","embeddable":true,"href":"https:\/\/www.depilwax.com.br\/en\/wp-json\/wp\/v2\/product_tag?post=450"}],"curies":[{"name":"wp","href":"https:\/\/api.w.org\/{rel}","templated":true}]}}