{"id":445,"date":"2018-02-25T11:11:51","date_gmt":"2018-02-25T14:11:51","guid":{"rendered":"http:\/\/depilwax.com.br\/dev\/?post_type=product&#038;p=445"},"modified":"2019-11-26T14:33:42","modified_gmt":"2019-11-26T17:33:42","slug":"cera-de-micro-ondas-castanha-do-para","status":"publish","type":"product","link":"https:\/\/www.depilwax.com.br\/en\/product\/cera-de-micro-ondas-castanha-do-para\/","title":{"rendered":"Microwave Oven Waxes - Brazil Nuts"},"content":{"rendered":"<p>Depilwax Hot Depilatory Microwave Waxes are creamy, elastic and practical to apply. For microwave heating, they are ideal waxes for the end consumer. Produced with high quality raw materials and the latest technology to provide perfect, fast, economical and hygienic hair removal.<\/p>\n<p><strong><u>Recommendation<\/u><\/strong>: all parts of the body (legs, fluff, face, armpits and groins) - for delicate skin.<\/p>\n<p><strong><u>Net weight<\/u><\/strong>: 250 g<\/p>\n<p><strong><u>Differentials<\/u><\/strong><strong>:<\/strong><\/p>\n<ul>\n<li>Practical wax and quick application<\/li>\n<li>Good adherence to fur<\/li>\n<li>Excellent elasticity<\/li>\n<li>Dilates pores, facilitating hair removal and reducing pain<\/li>\n<\/ul>","protected":false},"excerpt":{"rendered":"<p>As\u00a0Ceras Depilat\u00f3rias a Quente para Micro-ondas Depilwax\u00a0a quente s\u00e3o cremosas, el\u00e1sticas e de aplica\u00e7\u00f5es pr\u00e1ticas. Para aquecimento em micro-ondas, s\u00e3o ceras ideais para o consumidor final. Produzidas com mat\u00e9rias-primas de alta qualidade e a mais avan\u00e7ada tecnologia para proporcionar depila\u00e7\u00e3o perfeita, r\u00e1pida, econ\u00f4mica e higi\u00eanica. Indica\u00e7\u00e3o: todas as partes do corpo (pernas, bu\u00e7o, face, axilas [&hellip;]<\/p>","protected":false},"featured_media":442,"comment_status":"closed","ping_status":"closed","template":"","meta":[],"product_brand":[],"product_cat":[89,31,41],"product_tag":[],"class_list":{"0":"post-445","1":"product","2":"type-product","3":"status-publish","4":"has-post-thumbnail","6":"product_cat-castanha-do-para-micro-ondas","7":"product_cat-ceras-depilatorias","8":"product_cat-ceras-micro-ondas","10":"first","11":"instock","12":"shipping-taxable","13":"product-type-simple"},"_links":{"self":[{"href":"https:\/\/www.depilwax.com.br\/en\/wp-json\/wp\/v2\/product\/445","targetHints":{"allow":["GET"]}}],"collection":[{"href":"https:\/\/www.depilwax.com.br\/en\/wp-json\/wp\/v2\/product"}],"about":[{"href":"https:\/\/www.depilwax.com.br\/en\/wp-json\/wp\/v2\/types\/product"}],"replies":[{"embeddable":true,"href":"https:\/\/www.depilwax.com.br\/en\/wp-json\/wp\/v2\/comments?post=445"}],"wp:featuredmedia":[{"embeddable":true,"href":"https:\/\/www.depilwax.com.br\/en\/wp-json\/wp\/v2\/media\/442"}],"wp:attachment":[{"href":"https:\/\/www.depilwax.com.br\/en\/wp-json\/wp\/v2\/media?parent=445"}],"wp:term":[{"taxonomy":"product_brand","embeddable":true,"href":"https:\/\/www.depilwax.com.br\/en\/wp-json\/wp\/v2\/product_brand?post=445"},{"taxonomy":"product_cat","embeddable":true,"href":"https:\/\/www.depilwax.com.br\/en\/wp-json\/wp\/v2\/product_cat?post=445"},{"taxonomy":"product_tag","embeddable":true,"href":"https:\/\/www.depilwax.com.br\/en\/wp-json\/wp\/v2\/product_tag?post=445"}],"curies":[{"name":"wp","href":"https:\/\/api.w.org\/{rel}","templated":true}]}}