{"id":433,"date":"2018-02-25T10:22:09","date_gmt":"2018-02-25T13:22:09","guid":{"rendered":"http:\/\/depilwax.com.br\/dev\/?post_type=product&#038;p=433"},"modified":"2018-03-26T07:12:50","modified_gmt":"2018-03-26T10:12:50","slug":"cera-roll-on-azuleno","status":"publish","type":"product","link":"https:\/\/www.depilwax.com.br\/en\/product\/cera-roll-on-azuleno\/","title":{"rendered":"Roll-on Waxes - Azulene"},"content":{"rendered":"<p><strong>ROLL-ON WAXES - AZULENE - PROVIDES A GREATER<\/p>\n<p><\/strong><\/p>\n<p class=\"translation-block\">DEPILWAX\u00ae Roll-on Depilatory Waxes are produced with high quality raw materials and the latest technology to provide perfect, fast, economical and hygienic hair removal. For exclusive use on hair removal devices, roll-on system and nonwoven sheets.<\/p>\n<p><strong><u>Recommendation<\/u>:<\/strong>\u00a0Legs and Arms - For sensitive skin. Soothing agent.<\/p>\n<p><strong><u>Net weight<\/u>:<\/strong>\u00a0100 g<\/p>\n<p><strong><u>Differentials<\/u>:<\/strong><\/p>\n<ul>\n<li>Practical wax and quick application<\/li>\n<li>Fine texture that improves spreadability<\/li>\n<li>Remove hair completely<\/li>\n<li>Does not crystallize<\/li>\n<\/ul>","protected":false},"excerpt":{"rendered":"<p>CERA AZULENO ROLL-ON DEPILWAX &#8211;\u00a0RENDE MUITO MAIS As\u00a0Ceras Depilat\u00f3rias Roll-on DEPILWAX\u00ae\u00a0s\u00e3o produzidas com mat\u00e9rias-primas de alta qualidade e a mais avan\u00e7ada tecnologia para proporcionar depila\u00e7\u00e3o perfeita, r\u00e1pida, econ\u00f4mica e higi\u00eanica. Para uso exclusivo em aparelhos de depila\u00e7\u00e3o, sistema roll-on e folhas de falso tecido. Indica\u00e7\u00e3o:\u00a0Pernas e Bra\u00e7os &#8211; para peles sens\u00edveis. Agente calmante. Peso L\u00edquido:\u00a0100 [&hellip;]<\/p>","protected":false},"featured_media":435,"comment_status":"closed","ping_status":"closed","template":"","meta":[],"product_brand":[],"product_cat":[79,31,40],"product_tag":[],"class_list":{"0":"post-433","1":"product","2":"type-product","3":"status-publish","4":"has-post-thumbnail","6":"product_cat-azuleno-rool-on","7":"product_cat-ceras-depilatorias","8":"product_cat-ceras-roll-on","10":"first","11":"instock","12":"shipping-taxable","13":"product-type-simple"},"_links":{"self":[{"href":"https:\/\/www.depilwax.com.br\/en\/wp-json\/wp\/v2\/product\/433","targetHints":{"allow":["GET"]}}],"collection":[{"href":"https:\/\/www.depilwax.com.br\/en\/wp-json\/wp\/v2\/product"}],"about":[{"href":"https:\/\/www.depilwax.com.br\/en\/wp-json\/wp\/v2\/types\/product"}],"replies":[{"embeddable":true,"href":"https:\/\/www.depilwax.com.br\/en\/wp-json\/wp\/v2\/comments?post=433"}],"wp:featuredmedia":[{"embeddable":true,"href":"https:\/\/www.depilwax.com.br\/en\/wp-json\/wp\/v2\/media\/435"}],"wp:attachment":[{"href":"https:\/\/www.depilwax.com.br\/en\/wp-json\/wp\/v2\/media?parent=433"}],"wp:term":[{"taxonomy":"product_brand","embeddable":true,"href":"https:\/\/www.depilwax.com.br\/en\/wp-json\/wp\/v2\/product_brand?post=433"},{"taxonomy":"product_cat","embeddable":true,"href":"https:\/\/www.depilwax.com.br\/en\/wp-json\/wp\/v2\/product_cat?post=433"},{"taxonomy":"product_tag","embeddable":true,"href":"https:\/\/www.depilwax.com.br\/en\/wp-json\/wp\/v2\/product_tag?post=433"}],"curies":[{"name":"wp","href":"https:\/\/api.w.org\/{rel}","templated":true}]}}