{"id":407,"date":"2018-02-23T16:23:08","date_gmt":"2018-02-23T19:23:08","guid":{"rendered":"http:\/\/depilwax.com.br\/dev\/?post_type=product&#038;p=407"},"modified":"2019-11-26T14:14:45","modified_gmt":"2019-11-26T17:14:45","slug":"cera-a-quente-em-granulos-titanio-500-g","status":"publish","type":"product","link":"https:\/\/www.depilwax.com.br\/en\/product\/cera-a-quente-em-granulos-titanio-500-g\/","title":{"rendered":"Hot Waxes in Granules Titanium - 500 g"},"content":{"rendered":"<p>A big innovation from Depilwax: the only Hot Wax on the market in granule form.<\/p>\n<p>That's why we say it's an evolution of traditional Hot Wax in bar! With Depilwax Bead Wax, you don't have to \u201cbreak\u201d the wax to use it. Just dose the exact amount, melt in thermocera and apply to the customer, without waste.<\/p>\n<div><\/div>\n<div>See all the advantages of it.<\/div>\n<p><strong>Differentials:<\/strong><\/p>\n<ul>\n<li>Practical wax and quick application<\/li>\n<li>Great adherence to fur<\/li>\n<li>Excellent elasticity<\/li>\n<li>Dilates pores, facilitating hair removal and reducing pain<\/li>\n<li>No need to \"break\" to melt<\/li>\n<li>Easier to enter desired amount<\/li>\n<li>Greater product and time savings<\/li>\n<li>Less time to melt<\/li>\n<\/ul>\n<p><strong>Recommendation:<\/strong>\u00a0all body parts (legs, fluff, face, armpits and groin) - for sensitive skin; soothes the redness of the skin.<\/p>\n<p><strong>Net weight:<\/strong>\u00a0500 g<\/p>","protected":false},"excerpt":{"rendered":"<p>Uma grande inova\u00e7\u00e3o da\u00a0Depilwax:\u00a0\u00fanica\u00a0Cera a Quente no mercado em formato de\u00a0gr\u00e2nulos. Por isso dizemos ser uma\u00a0evolu\u00e7\u00e3o\u00a0da Cera a Quente tradicional em barra!\u00a0Com a\u00a0cera em gr\u00e2nulos Depilwax, voc\u00ea n\u00e3o precisa &#8220;quebrar&#8221; a cera para utiliz\u00e1-la. \u00c9 s\u00f3 dosar a quantidade exata, derreter na termocera e aplicar na cliente, sem desperd\u00edcio. Veja todas as vantagens dela. Diferenciais: [&hellip;]<\/p>","protected":false},"featured_media":430,"comment_status":"closed","ping_status":"closed","template":"","meta":[],"product_brand":[],"product_cat":[88,31,39],"product_tag":[],"class_list":{"0":"post-407","1":"product","2":"type-product","3":"status-publish","4":"has-post-thumbnail","6":"product_cat-titanio-granulos","7":"product_cat-ceras-depilatorias","8":"product_cat-ceras-a-quente-em-granulos","10":"first","11":"instock","12":"shipping-taxable","13":"product-type-simple"},"_links":{"self":[{"href":"https:\/\/www.depilwax.com.br\/en\/wp-json\/wp\/v2\/product\/407","targetHints":{"allow":["GET"]}}],"collection":[{"href":"https:\/\/www.depilwax.com.br\/en\/wp-json\/wp\/v2\/product"}],"about":[{"href":"https:\/\/www.depilwax.com.br\/en\/wp-json\/wp\/v2\/types\/product"}],"replies":[{"embeddable":true,"href":"https:\/\/www.depilwax.com.br\/en\/wp-json\/wp\/v2\/comments?post=407"}],"wp:featuredmedia":[{"embeddable":true,"href":"https:\/\/www.depilwax.com.br\/en\/wp-json\/wp\/v2\/media\/430"}],"wp:attachment":[{"href":"https:\/\/www.depilwax.com.br\/en\/wp-json\/wp\/v2\/media?parent=407"}],"wp:term":[{"taxonomy":"product_brand","embeddable":true,"href":"https:\/\/www.depilwax.com.br\/en\/wp-json\/wp\/v2\/product_brand?post=407"},{"taxonomy":"product_cat","embeddable":true,"href":"https:\/\/www.depilwax.com.br\/en\/wp-json\/wp\/v2\/product_cat?post=407"},{"taxonomy":"product_tag","embeddable":true,"href":"https:\/\/www.depilwax.com.br\/en\/wp-json\/wp\/v2\/product_tag?post=407"}],"curies":[{"name":"wp","href":"https:\/\/api.w.org\/{rel}","templated":true}]}}