{"id":309,"date":"2018-02-21T16:03:55","date_gmt":"2018-02-21T19:03:55","guid":{"rendered":"http:\/\/depilwax.com.br\/dev\/?post_type=product&#038;p=309"},"modified":"2019-11-26T13:05:10","modified_gmt":"2019-11-26T16:05:10","slug":"cera-a-quente-camomila-1000-g","status":"publish","type":"product","link":"https:\/\/www.depilwax.com.br\/en\/product\/cera-a-quente-camomila-1000-g\/","title":{"rendered":"Chamomile Hot Wax - 1000 g"},"content":{"rendered":"<p>DEPILWAX Hot Depilatory Waxes are produced with high quality raw materials and the latest technology to provide perfect, fast, economical and hygienic hair removal. To melt preferably in Termocera.<\/p>\n<p><strong><u>Recommendation<\/u><\/strong>: all parts of the body (legs, fluff, face, armpits and groins) - for delicate skin.<\/p>\n<p><strong><u>Net weight<\/u><\/strong>: 1000 g<\/p>\n<p><strong><u>Differentials<\/u><\/strong><strong>:<\/strong><\/p>\n<ul>\n<li>Practical wax and quick application<\/li>\n<li>Good adherence to fur<\/li>\n<li>Excellent elasticity<\/li>\n<li>Dilates pores, facilitating hair removal and reducing pain<\/li>\n<\/ul>","protected":false},"excerpt":{"rendered":"<p>As Ceras Depilat\u00f3rias a Quente\u00a0DEPILWAX\u00a0s\u00e3o produzidas com mat\u00e9rias-primas de alta qualidade e a mais avan\u00e7ada tecnologia para proporcionar depila\u00e7\u00e3o perfeita, r\u00e1pida, econ\u00f4mica e higi\u00eanica. Para derreter, \u00a0preferencialmente, em Termocera. Indica\u00e7\u00e3o: todas as partes do corpo (pernas, bu\u00e7o, face, axilas e virilhas) &#8211; para peles delicadas. Peso L\u00edquido: 1000 g Diferenciais: Cera pr\u00e1tica e de r\u00e1pida [&hellip;]<\/p>","protected":false},"featured_media":411,"comment_status":"closed","ping_status":"closed","template":"","meta":[],"product_brand":[],"product_cat":[31,38,74],"product_tag":[],"class_list":{"0":"post-309","1":"product","2":"type-product","3":"status-publish","4":"has-post-thumbnail","6":"product_cat-ceras-depilatorias","7":"product_cat-ceras-a-quente-em-barra","8":"product_cat-camomila-quente-em-barras","10":"first","11":"instock","12":"shipping-taxable","13":"product-type-simple"},"_links":{"self":[{"href":"https:\/\/www.depilwax.com.br\/en\/wp-json\/wp\/v2\/product\/309","targetHints":{"allow":["GET"]}}],"collection":[{"href":"https:\/\/www.depilwax.com.br\/en\/wp-json\/wp\/v2\/product"}],"about":[{"href":"https:\/\/www.depilwax.com.br\/en\/wp-json\/wp\/v2\/types\/product"}],"replies":[{"embeddable":true,"href":"https:\/\/www.depilwax.com.br\/en\/wp-json\/wp\/v2\/comments?post=309"}],"wp:featuredmedia":[{"embeddable":true,"href":"https:\/\/www.depilwax.com.br\/en\/wp-json\/wp\/v2\/media\/411"}],"wp:attachment":[{"href":"https:\/\/www.depilwax.com.br\/en\/wp-json\/wp\/v2\/media?parent=309"}],"wp:term":[{"taxonomy":"product_brand","embeddable":true,"href":"https:\/\/www.depilwax.com.br\/en\/wp-json\/wp\/v2\/product_brand?post=309"},{"taxonomy":"product_cat","embeddable":true,"href":"https:\/\/www.depilwax.com.br\/en\/wp-json\/wp\/v2\/product_cat?post=309"},{"taxonomy":"product_tag","embeddable":true,"href":"https:\/\/www.depilwax.com.br\/en\/wp-json\/wp\/v2\/product_tag?post=309"}],"curies":[{"name":"wp","href":"https:\/\/api.w.org\/{rel}","templated":true}]}}