{"id":46,"date":"2016-01-05T09:10:44","date_gmt":"2016-01-05T09:10:44","guid":{"rendered":"http:\/\/demo.themevan.com\/lithestore\/?page_id=46"},"modified":"2019-11-26T16:08:52","modified_gmt":"2019-11-26T19:08:52","slug":"sobre-nos","status":"publish","type":"page","link":"https:\/\/www.depilwax.com.br\/en\/sobre-nos\/","title":{"rendered":"About Us"},"content":{"rendered":"<p>&nbsp;<\/p>\n<p>Depilwax is a traditional Brazilian hair removal product line, belonging to the company Biokosma, which has been in this market for over 17 years. In addition to Roll-on Wax and Hot Wax in Bar Form, we manufacture the innovative Hot Granule Wax, which brings a series of benefits and advantages over bar wax.\nWe also manufacture hair removal equipment, such as Thermal Wax, Roll-on Devices, and Base for 3 Roll-on Devices; Lotions, Emulsions, and Oils; Tissues and Non-woven Rolls; Protective Plastic Films for Thermal Wax, and Molds for artistic hair removal. For the final consumer, we also have Microwave Wax and Wax Sheets for the Face and Body.\nThe main hallmarks are innovation, the technology employed in product manufacturing, and the use of high-quality raw materials. All products are registered with the governmental agencies \u2013 Anvisa [Brazilian National Health Surveillance Agency] (Waxes, Oils, Emulsions, and Lotions) and Inmetro [Brazilian National Institute of Metrology, Standardization, and Industrial Quality] (Equipment).<\/p>\n<p>Our mission is to provide, with excellence, a complete line of hair removal products, throughout the national territory, offering customers the best products at extremely competitive prices, ensuring their complete satisfaction.<\/p>\n<p>Our vision is to be a national reference in the supply of hair removal products, mainly aiming at customer loyalty and market leadership.<\/p>\n<p>Our values are:<\/p>\n<ul>\n<li>Quality;<\/li>\n<li>Entrepreneurship;<\/li>\n<li>Dynamism;<\/li>\n<li>Relationships.<\/li>\n<\/ul>","protected":false},"excerpt":{"rendered":"<p>&nbsp; A Depilwax \u00e9 a linha de depila\u00e7\u00e3o mais completa do pa\u00eds. Al\u00e9m das tradicionais Ceras Roll-on e Ceras a Quente em Barra, s\u00e3o produzidas tamb\u00e9m as inovadoras Ceras a Quente em Gr\u00e2nulos, com uma s\u00e9rie de benef\u00edcios e vantagens sobre as tradicionais j\u00e1 mencionadas. Produzimos tamb\u00e9m: linha de equipamentos para depila\u00e7\u00e3o como Aparelhos Roll-on, [&hellip;]<\/p>","protected":false},"author":1,"featured_media":881,"parent":0,"menu_order":0,"comment_status":"closed","ping_status":"closed","template":"","meta":{"footnotes":""},"class_list":["post-46","page","type-page","status-publish","has-post-thumbnail","hentry"],"_links":{"self":[{"href":"https:\/\/www.depilwax.com.br\/en\/wp-json\/wp\/v2\/pages\/46","targetHints":{"allow":["GET"]}}],"collection":[{"href":"https:\/\/www.depilwax.com.br\/en\/wp-json\/wp\/v2\/pages"}],"about":[{"href":"https:\/\/www.depilwax.com.br\/en\/wp-json\/wp\/v2\/types\/page"}],"author":[{"embeddable":true,"href":"https:\/\/www.depilwax.com.br\/en\/wp-json\/wp\/v2\/users\/1"}],"replies":[{"embeddable":true,"href":"https:\/\/www.depilwax.com.br\/en\/wp-json\/wp\/v2\/comments?post=46"}],"version-history":[{"count":5,"href":"https:\/\/www.depilwax.com.br\/en\/wp-json\/wp\/v2\/pages\/46\/revisions"}],"predecessor-version":[{"id":793,"href":"https:\/\/www.depilwax.com.br\/en\/wp-json\/wp\/v2\/pages\/46\/revisions\/793"}],"wp:featuredmedia":[{"embeddable":true,"href":"https:\/\/www.depilwax.com.br\/en\/wp-json\/wp\/v2\/media\/881"}],"wp:attachment":[{"href":"https:\/\/www.depilwax.com.br\/en\/wp-json\/wp\/v2\/media?parent=46"}],"curies":[{"name":"wp","href":"https:\/\/api.w.org\/{rel}","templated":true}]}}