{"id":340,"date":"2018-02-21T17:16:42","date_gmt":"2018-02-21T20:16:42","guid":{"rendered":"http:\/\/depilwax.com.br\/dev\/?page_id=340"},"modified":"2022-09-01T08:01:40","modified_gmt":"2022-09-01T11:01:40","slug":"contato","status":"publish","type":"page","link":"https:\/\/www.depilwax.com.br\/en\/contato\/","title":{"rendered":"Contact Us"},"content":{"rendered":"<h4>How can we help?<\/h4>\n<p>Fill in the fields below and our team will contact you as soon as possible.<br \/>\n<div class=\"wpforms-container wpforms-container-full\" id=\"wpforms-921\"><form id=\"wpforms-form-921\" class=\"wpforms-validate wpforms-form wpforms-ajax-form\" data-formid=\"921\" method=\"post\" enctype=\"multipart\/form-data\" action=\"\/en\/wp-json\/wp\/v2\/pages\/340\" data-token=\"0092cd73a1d4a571ba677338aaf07cd1\" data-token-time=\"1776956109\" data-trp-original-action=\"\/en\/wp-json\/wp\/v2\/pages\/340\"><noscript class=\"wpforms-error-noscript\">Please enable JavaScript in your browser to complete this form.<\/noscript><div class=\"wpforms-field-container\"><div id=\"wpforms-921-field_0-container\" class=\"wpforms-field wpforms-field-name\" data-field-id=\"0\"><label class=\"wpforms-field-label\" for=\"wpforms-921-field_0\">Name <span class=\"wpforms-required-label\">*<\/span><\/label><div class=\"wpforms-field-row wpforms-field-large\"><div class=\"wpforms-field-row-block wpforms-first wpforms-one-half\"><input type=\"text\" id=\"wpforms-921-field_0\" class=\"wpforms-field-name-first wpforms-field-required\" name=\"wpforms[fields][0][first]\" placeholder=\"Name\" required><label for=\"wpforms-921-field_0\" class=\"wpforms-field-sublabel after wpforms-sublabel-hide\">First<\/label><\/div><div class=\"wpforms-field-row-block wpforms-one-half\"><input type=\"text\" id=\"wpforms-921-field_0-last\" class=\"wpforms-field-name-last wpforms-field-required\" name=\"wpforms[fields][0][last]\" placeholder=\"Last name\" required><label for=\"wpforms-921-field_0-last\" class=\"wpforms-field-sublabel after wpforms-sublabel-hide\">Last<\/label><\/div><\/div><\/div><div id=\"wpforms-921-field_1-container\" class=\"wpforms-field wpforms-field-email\" data-field-id=\"1\"><label class=\"wpforms-field-label\" for=\"wpforms-921-field_1\">E-mail <span class=\"wpforms-required-label\">*<\/span><\/label><div class=\"wpforms-field-row wpforms-field-large\"><div class=\"wpforms-field-row-block wpforms-one-half wpforms-first\"><input type=\"email\" id=\"wpforms-921-field_1\" class=\"wpforms-field-required wpforms-field-email-primary\" name=\"wpforms[fields][1][primary]\" placeholder=\"E-mail\" spellcheck=\"false\" required><label for=\"wpforms-921-field_1\" class=\"wpforms-field-sublabel after wpforms-sublabel-hide\">Email<\/label><\/div><div class=\"wpforms-field-row-block wpforms-one-half\"><input type=\"email\" id=\"wpforms-921-field_1-secondary\" class=\"wpforms-field-email-secondary wpforms-field-required\" data-rule-confirm=\"#wpforms-921-field_1\" name=\"wpforms[fields][1][secondary]\" placeholder=\"Confirme seu e-mail\" spellcheck=\"false\" required><label for=\"wpforms-921-field_1-secondary\" class=\"wpforms-field-sublabel after wpforms-sublabel-hide\">Confirm Email<\/label><\/div><\/div><\/div><div id=\"wpforms-921-field_2-container\" class=\"wpforms-field wpforms-field-textarea\" data-field-id=\"2\"><label class=\"wpforms-field-label\" for=\"wpforms-921-field_2\">Comments \/ Questions <span class=\"wpforms-required-label\">*<\/span><\/label><textarea id=\"wpforms-921-field_2\" class=\"wpforms-field-medium wpforms-field-required\" name=\"wpforms[fields][2]\" required><\/textarea><\/div><div id=\"wpforms-921-field_4-container\" class=\"wpforms-field wpforms-field-gdpr-checkbox\" data-field-id=\"4\"><label class=\"wpforms-field-label\">Termo de aceite - LGPD <span class=\"wpforms-required-label\">*<\/span><\/label><ul id=\"wpforms-921-field_4\" class=\"wpforms-field-required\"><li class=\"choice-1\"><input type=\"checkbox\" id=\"wpforms-921-field_4_1\" name=\"wpforms[fields][4][]\" value=\"Eu concordo que este site armazene minhas informa\u00e7\u00f5es enviadas para que elas possam responder \u00e0 minha consulta.\" required><label class=\"wpforms-field-label-inline\" for=\"wpforms-921-field_4_1\">Eu concordo que este site armazene minhas informa\u00e7\u00f5es enviadas para que elas possam responder \u00e0 minha consulta.<\/label><\/li><\/ul><\/div><\/div><!-- .wpforms-field-container --><div class=\"wpforms-recaptcha-container wpforms-is-hcaptcha\" ><div class=\"g-recaptcha\" data-sitekey=\"931c1be1-a562-42c1-b77f-0373aa4585eb\"><\/div><input type=\"text\" name=\"g-recaptcha-hidden\" class=\"wpforms-recaptcha-hidden\" style=\"position:absolute!important;clip:rect(0,0,0,0)!important;height:1px!important;width:1px!important;border:0!important;overflow:hidden!important;padding:0!important;margin:0!important;\" data-rule-hcaptcha=\"1\"><\/div><div class=\"wpforms-submit-container\" ><input type=\"hidden\" name=\"wpforms[id]\" value=\"921\"><input type=\"hidden\" name=\"page_title\" value=\"\"><input type=\"hidden\" name=\"page_url\" value=\"https:\/\/www.depilwax.com.br\/en\/wp-json\/wp\/v2\/pages\/340\"><input type=\"hidden\" name=\"url_referer\" value=\"\"><button type=\"submit\" name=\"wpforms[submit]\" id=\"wpforms-submit-921\" class=\"wpforms-submit\" data-alt-text=\"Enviando...\" data-submit-text=\"Enviar Mensagem\" aria-live=\"assertive\" value=\"wpforms-submit\">Send Message<\/button><img loading=\"lazy\" decoding=\"async\" src=\"https:\/\/www.depilwax.com.br\/wp-content\/plugins\/wpforms-lite\/assets\/images\/submit-spin.svg\" class=\"wpforms-submit-spinner\" style=\"display: none;\" width=\"26\" height=\"26\" alt=\"Loading\"><\/div><input type=\"hidden\" name=\"trp-form-language\" value=\"en\"\/><\/form><\/div>  <!-- .wpforms-container --><\/p>","protected":false},"excerpt":{"rendered":"<p>Como podemos ajudar? Preencha os campos abaixo que nossa equipe entrar\u00e1 em contato o mais breve poss\u00edvel.<\/p>","protected":false},"author":1,"featured_media":882,"parent":0,"menu_order":0,"comment_status":"closed","ping_status":"closed","template":"template-contact.php","meta":{"footnotes":""},"class_list":["post-340","page","type-page","status-publish","has-post-thumbnail","hentry"],"_links":{"self":[{"href":"https:\/\/www.depilwax.com.br\/en\/wp-json\/wp\/v2\/pages\/340","targetHints":{"allow":["GET"]}}],"collection":[{"href":"https:\/\/www.depilwax.com.br\/en\/wp-json\/wp\/v2\/pages"}],"about":[{"href":"https:\/\/www.depilwax.com.br\/en\/wp-json\/wp\/v2\/types\/page"}],"author":[{"embeddable":true,"href":"https:\/\/www.depilwax.com.br\/en\/wp-json\/wp\/v2\/users\/1"}],"replies":[{"embeddable":true,"href":"https:\/\/www.depilwax.com.br\/en\/wp-json\/wp\/v2\/comments?post=340"}],"version-history":[{"count":5,"href":"https:\/\/www.depilwax.com.br\/en\/wp-json\/wp\/v2\/pages\/340\/revisions"}],"predecessor-version":[{"id":930,"href":"https:\/\/www.depilwax.com.br\/en\/wp-json\/wp\/v2\/pages\/340\/revisions\/930"}],"wp:featuredmedia":[{"embeddable":true,"href":"https:\/\/www.depilwax.com.br\/en\/wp-json\/wp\/v2\/media\/882"}],"wp:attachment":[{"href":"https:\/\/www.depilwax.com.br\/en\/wp-json\/wp\/v2\/media?parent=340"}],"curies":[{"name":"wp","href":"https:\/\/api.w.org\/{rel}","templated":true}]}}